{"id":1217,"date":"2023-02-21T06:21:08","date_gmt":"2023-02-21T05:21:08","guid":{"rendered":"https:\/\/h2org.de\/vortraege\/"},"modified":"2023-04-13T17:11:17","modified_gmt":"2023-04-13T15:11:17","slug":"vortraege","status":"publish","type":"page","link":"https:\/\/h2org.de\/en\/vortraege\/","title":{"rendered":"Lectures"},"content":{"rendered":"\n<div class=\"wp-block-columns alignwide is-layout-flex wp-container-core-columns-is-layout-28f84493 wp-block-columns-is-layout-flex\">\n<div class=\"wp-block-column alignnormal is-layout-flow wp-block-column-is-layout-flow\">\n<div style=\"height:96px\" aria-hidden=\"true\" class=\"wp-block-spacer alignnormal\"><\/div>\n\n\n\n<hr class=\"wp-block-separator has-alpha-channel-opacity alignnormal\"\/>\n\n\n\n<div style=\"height:24px\" aria-hidden=\"true\" class=\"wp-block-spacer alignnormal\"><\/div>\n\n\n\n<p class=\"has-medium-font-size alignnormal\">Dr. Andreas Fath hat durch seine Forschungs-, Lehr- und Schwimmaktivit\u00e4ten ein vielf\u00e4ltiges Angebot an Vortragsthemen.<\/p>\n\n\n\n<div style=\"height:20px\" aria-hidden=\"true\" class=\"wp-block-spacer alignnormal\"><\/div>\n\n\n\n<p class=\"has-medium-font-size alignnormal\">\u00dcber das das gro\u00dfe Donauschwimmen &#8220;cleandanube&#8221; wurde ein 90-min\u00fctiger Dokumentarfilm im Kinoformat erstellt.<\/p>\n<\/div>\n\n\n\n<div class=\"wp-block-column alignnormal is-layout-flow wp-block-column-is-layout-flow\"><\/div>\n<\/div>\n\n\n\n<div style=\"height:72px\" aria-hidden=\"true\" class=\"wp-block-spacer alignnormal\"><\/div>\n\n\n\n<figure class=\"wp-block-image alignwide size-large is-style-rounded\"><img loading=\"lazy\" decoding=\"async\" width=\"1024\" height=\"537\" src=\"https:\/\/h2org.de\/wp-content\/uploads\/2023\/03\/Andreas-Fath-1024x537.jpg\" alt=\"\" class=\"wp-image-970\" srcset=\"https:\/\/h2org.de\/wp-content\/uploads\/2023\/03\/Andreas-Fath-1024x537.jpg 1024w, https:\/\/h2org.de\/wp-content\/uploads\/2023\/03\/Andreas-Fath-300x157.jpg 300w, https:\/\/h2org.de\/wp-content\/uploads\/2023\/03\/Andreas-Fath-768x403.jpg 768w, https:\/\/h2org.de\/wp-content\/uploads\/2023\/03\/Andreas-Fath-1536x806.jpg 1536w, https:\/\/h2org.de\/wp-content\/uploads\/2023\/03\/Andreas-Fath.jpg 1911w\" sizes=\"auto, (max-width: 1024px) 100vw, 1024px\" \/><\/figure>\n\n\n\n<div style=\"height:100px\" aria-hidden=\"true\" class=\"wp-block-spacer alignwide alignnormal\"><\/div>\n\n\n\n<h5 class=\"wp-block-heading alignwide\">Diverse formats and target groups<\/h5>\n\n\n\n<div style=\"height:24px\" aria-hidden=\"true\" class=\"wp-block-spacer alignwide alignnormal\"><\/div>\n\n\n\n<p class=\"alignwide has-text-align-wide\">Whether lecture, keynote, discussion or film screening &#8211; scientific, sciencetainment or health-related &#8211; the diverse selection of topics fits many formats. The individual topics can also be combined in consultation and implemented online or in presence as well as in German, English and Spanish.<\/p>\n\n\n\n<div style=\"height:20px\" aria-hidden=\"true\" class=\"wp-block-spacer alignnormal\"><\/div>\n\n\n\n<p class=\"alignwide has-text-align-wide\">We can also offer symposia and lecture series to companies, organisations, municipalities and institutions and use our network to acquire speakers.<\/p>\n\n\n\n<div class=\"wp-block-h2org-wavegroup cover-block-wrapper has-blue-light-background-color has-background\"><svg width=\"100%\" height=\"100%\" version=\"1.1\" xmlns=\"http:\/\/www.w3.org\/2000\/svg\" viewBox=\"1 0 799 160\" style=\"min-width:600px; margin-bottom: -10px\"><defs><\/defs><path class=\"wavepath\" d=\"\" fill=\"url(#img1)\"><\/path><\/svg><div><div\n\t\t\t\n\t\t\tclass=\"so-widget-the-speech-accordion-widget so-widget-the-speech-accordion-widget-base\"\n\t\t\t\n\t\t>\n\t<div class=\"accordion\">\n\t\t<div class=\"accordion-left\">\n\t\t\t<h5>Scientific lecture topics<\/h5>\n\t\t<\/div>\n\t\t<div class=\"accordion-right\">\n\t\t\t\t\t<div class=\"accordion-item\">\n\t\t\t\t<h3 class=\"accordion-title\">Mikroplastics &#8211; Dangers &amp; opportunities<\/h3>\n\t\t\t\t<div class=\"accordion-details\">What is microplastic and how is it created? Does it have an effect on flora and fauna and on humans? How can we take countermeasures or even use characteristics of microplastic in a useful and sustainable way?<\/div>\n\t\t\t\t<div class=\"accordion-icon\"><\/div>\n\t\t\t<\/div>\n\t\t\t\t\t\t<div class=\"accordion-item\">\n\t\t\t\t<h3 class=\"accordion-title\">Rivers as mirror image of our society<\/h3>\n\t\t\t\t<div class=\"accordion-details\">Rivers tell us a lot about the people, that live along them. How they farm, what medicines they take, how they eat and how industry and municipal households treat their wastewater. This is also shown by comparing the three rivers in different cultures.\n<\/div>\n\t\t\t\t<div class=\"accordion-icon\"><\/div>\n\t\t\t<\/div>\n\t\t\t\t\t\t<div class=\"accordion-item\">\n\t\t\t\t<h3 class=\"accordion-title\">Human Footsteps in Rivers<\/h3>\n\t\t\t\t<div class=\"accordion-details\">The lecture &#8220;Rivers as mirror images of our society &#8211; Rhine, Tennessee River and Danube&#8221; in english.<\/div>\n\t\t\t\t<div class=\"accordion-icon\"><\/div>\n\t\t\t<\/div>\n\t\t\t\t\t<\/div>\n\t<\/div>\n\t\t<div class=\"accordion\">\n\t\t<div class=\"accordion-left\">\n\t\t\t<h5>Scientainment Vortr\u00e4ge<\/h5>\n\t\t<\/div>\n\t\t<div class=\"accordion-right\">\n\t\t\t\t\t<div class=\"accordion-item\">\n\t\t\t\t<h3 class=\"accordion-title\">Swimming in plastic<\/h3>\n\t\t\t\t<div class=\"accordion-details\">Instead of swimming in clean water, we are increasingly swimming in plastic. This has consequences for biodiversity and our protein food sources from the world&#8217;s oceans.<\/div>\n\t\t\t\t<div class=\"accordion-icon\"><\/div>\n\t\t\t<\/div>\n\t\t\t\t\t\t<div class=\"accordion-item\">\n\t\t\t\t<h3 class=\"accordion-title\">Good water &#8211; bad water<\/h3>\n\t\t\t\t<div class=\"accordion-details\">When is water good and when is it bad? Which parameters are important for this decision? One value alone has little significance. It is a whole bundle of values that answer this question.<\/div>\n\t\t\t\t<div class=\"accordion-icon\"><\/div>\n\t\t\t<\/div>\n\t\t\t\t\t\t<div class=\"accordion-item\">\n\t\t\t\t<h3 class=\"accordion-title\">Plastic &#8211; curse or blessing?<\/h3>\n\t\t\t\t<div class=\"accordion-details\">Plastic, on the one hand, is a miracle material with countless properties, and on top of that it is cheap and durable. But only in use. In the environment, plastic is becoming a problem, that up until now is unsolvable.<\/div>\n\t\t\t\t<div class=\"accordion-icon\"><\/div>\n\t\t\t<\/div>\n\t\t\t\t\t\t<div class=\"accordion-item\">\n\t\t\t\t<h3 class=\"accordion-title\">Rivers, lakes, seas: the garbage dumps of the world?<\/h3>\n\t\t\t\t<div class=\"accordion-details\">About 10 million tonnes of plastic waste enter our oceans via rivers every year. Where does this waste come from, what are the consequences and how can we reduce this amount?<\/div>\n\t\t\t\t<div class=\"accordion-icon\"><\/div>\n\t\t\t<\/div>\n\t\t\t\t\t\t<div class=\"accordion-item\">\n\t\t\t\t<h3 class=\"accordion-title\">Cleandanube: swimming 2.700 km along the Danube<\/h3>\n\t\t\t\t<div class=\"accordion-details\">An adventure story. The protagonist himself takes you into the Danube. A scientific expedition with many intercultural experiences and results. Environmental education conveyed in a different way.<\/div>\n\t\t\t\t<div class=\"accordion-icon\"><\/div>\n\t\t\t<\/div>\n\t\t\t\t\t\t<div class=\"accordion-item\">\n\t\t\t\t<h3 class=\"accordion-title\">Sport meets Science<\/h3>\n\t\t\t\t<div class=\"accordion-details\">Swimming and water conservation have one thing in common and that is water. The extremely successful concept and why it works better than research in the &#8220;ivory tower&#8221;. Practical knowledge transfer.<\/div>\n\t\t\t\t<div class=\"accordion-icon\"><\/div>\n\t\t\t<\/div>\n\t\t\t\t\t<\/div>\n\t<\/div>\n\t\t<div class=\"accordion\">\n\t\t<div class=\"accordion-left\">\n\t\t\t<h5>Health and motivation<\/h5>\n\t\t<\/div>\n\t\t<div class=\"accordion-right\">\n\t\t\t\t\t<div class=\"accordion-item\">\n\t\t\t\t<h3 class=\"accordion-title\">Fit into retirement and beyond<\/h3>\n\t\t\t\t<div class=\"accordion-details\">To participate in social life in a healthy and vital way for as long as possible is what everyone wishes for and strives for. Through a targeted and continuous exercise programme, injuries and illnesses can be significantly reduced prophylactically, and water helps to achieve this.<\/div>\n\t\t\t\t<div class=\"accordion-icon\"><\/div>\n\t\t\t<\/div>\n\t\t\t\t\t\t<div class=\"accordion-item\">\n\t\t\t\t<h3 class=\"accordion-title\">Permanently motivated without motivated<\/h3>\n\t\t\t\t<div class=\"accordion-details\">There are many motivational theories in sports psychology. None prepares you for swimming 8-10 hours a day for 8 weeks in a river. Extrinsic motivation does not work, it can only be intrinsic to get into a &#8220;flow&#8221;.<\/div>\n\t\t\t\t<div class=\"accordion-icon\"><\/div>\n\t\t\t<\/div>\n\t\t\t\t\t\t<div class=\"accordion-item\">\n\t\t\t\t<h3 class=\"accordion-title\">Your Body Comes First<\/h3>\n\t\t\t\t<div class=\"accordion-details\">The medium we deal with most intensively is not the iPhone or the laptop, not the couch or the television. No, it is our body. If it works, everything else works too: &#8220;Mens sana in corpore sanu&#8221;.<\/div>\n\t\t\t\t<div class=\"accordion-icon\"><\/div>\n\t\t\t<\/div>\n\t\t\t\t\t<\/div>\n\t<\/div>\n\t\t<div class=\"accordion\">\n\t\t<div class=\"accordion-left\">\n\t\t\t<h5>Films<\/h5>\n\t\t<\/div>\n\t\t<div class=\"accordion-right\">\n\t\t\t\t\t<div class=\"accordion-item\">\n\t\t\t\t<h3 class=\"accordion-title\">Bis ins Meer<\/h3>\n\t\t\t\t<div class=\"accordion-details\">In the spring of 2022, chemistry professor Andreas Fath enters the icy waters of the Danube. His plan: to reach the Danube delta by swimming to draw attention to the pollution of the river by microplastics. 2,700km. Director Shane McMillan accompanies the team around project leader Mario K\u00fcmmel on the 8-week journey full of ups and downs from the Black Forest to the Black Sea. The visually stunning film takes you on a thought-provoking journey along one of the most important waterways of our continent. You will get to know unique cultures and personalities on the banks and the most international river on earth through different eyes.<\/div>\n\t\t\t\t<div class=\"accordion-icon\"><\/div>\n\t\t\t<\/div>\n\t\t\t\t\t<\/div>\n\t<\/div>\n\t\n\n\n\n\n<\/div><\/div><\/div>\n","protected":false},"excerpt":{"rendered":"<p>Diverse formats and target groups Whether lecture, keynote, discussion or film screening &#8211; scientific, sciencetainment or health-related &#8211; the diverse selection of topics fits many formats. The individual topics can also be combined in consultation and implemented online or in presence as well as in German, English and Spanish. We can also offer symposia and [&hellip;]<\/p>\n","protected":false},"author":2,"featured_media":0,"parent":0,"menu_order":0,"comment_status":"closed","ping_status":"closed","template":"","meta":{"footnotes":""},"class_list":["post-1217","page","type-page","status-publish","hentry"],"yoast_head":"<!-- This site is optimized with the Yoast SEO plugin v27.4 - https:\/\/yoast.com\/product\/yoast-seo-wordpress\/ -->\n<title>Lectures - H2ORG<\/title>\n<meta name=\"robots\" content=\"index, follow, max-snippet:-1, max-image-preview:large, max-video-preview:-1\" \/>\n<link rel=\"canonical\" href=\"https:\/\/h2org.de\/en\/vortraege\/\" \/>\n<meta property=\"og:locale\" content=\"en_US\" \/>\n<meta property=\"og:type\" content=\"article\" \/>\n<meta property=\"og:title\" content=\"Lectures - H2ORG\" \/>\n<meta property=\"og:description\" content=\"Diverse formats and target groups Whether lecture, keynote, discussion or film screening &#8211; scientific, sciencetainment or health-related &#8211; the diverse selection of topics fits many formats. The individual topics can also be combined in consultation and implemented online or in presence as well as in German, English and Spanish. We can also offer symposia and [&hellip;]\" \/>\n<meta property=\"og:url\" content=\"https:\/\/h2org.de\/en\/vortraege\/\" \/>\n<meta property=\"og:site_name\" content=\"H2ORG\" \/>\n<meta property=\"article:modified_time\" content=\"2023-04-13T15:11:17+00:00\" \/>\n<meta property=\"og:image\" content=\"https:\/\/h2org.de\/wp-content\/uploads\/2023\/03\/Andreas-Fath-1024x537.jpg\" \/>\n<meta name=\"twitter:card\" content=\"summary_large_image\" \/>\n<script type=\"application\/ld+json\" class=\"yoast-schema-graph\">{\"@context\":\"https:\\\/\\\/schema.org\",\"@graph\":[{\"@type\":\"WebPage\",\"@id\":\"https:\\\/\\\/h2org.de\\\/en\\\/vortraege\\\/\",\"url\":\"https:\\\/\\\/h2org.de\\\/en\\\/vortraege\\\/\",\"name\":\"Lectures - H2ORG\",\"isPartOf\":{\"@id\":\"https:\\\/\\\/h2org.de\\\/#website\"},\"primaryImageOfPage\":{\"@id\":\"https:\\\/\\\/h2org.de\\\/en\\\/vortraege\\\/#primaryimage\"},\"image\":{\"@id\":\"https:\\\/\\\/h2org.de\\\/en\\\/vortraege\\\/#primaryimage\"},\"thumbnailUrl\":\"https:\\\/\\\/h2org.de\\\/wp-content\\\/uploads\\\/2023\\\/03\\\/Andreas-Fath-1024x537.jpg\",\"datePublished\":\"2023-02-21T05:21:08+00:00\",\"dateModified\":\"2023-04-13T15:11:17+00:00\",\"breadcrumb\":{\"@id\":\"https:\\\/\\\/h2org.de\\\/en\\\/vortraege\\\/#breadcrumb\"},\"inLanguage\":\"en-US\",\"potentialAction\":[{\"@type\":\"ReadAction\",\"target\":[\"https:\\\/\\\/h2org.de\\\/en\\\/vortraege\\\/\"]}]},{\"@type\":\"ImageObject\",\"inLanguage\":\"en-US\",\"@id\":\"https:\\\/\\\/h2org.de\\\/en\\\/vortraege\\\/#primaryimage\",\"url\":\"https:\\\/\\\/h2org.de\\\/wp-content\\\/uploads\\\/2023\\\/03\\\/Andreas-Fath-1024x537.jpg\",\"contentUrl\":\"https:\\\/\\\/h2org.de\\\/wp-content\\\/uploads\\\/2023\\\/03\\\/Andreas-Fath-1024x537.jpg\"},{\"@type\":\"BreadcrumbList\",\"@id\":\"https:\\\/\\\/h2org.de\\\/en\\\/vortraege\\\/#breadcrumb\",\"itemListElement\":[{\"@type\":\"ListItem\",\"position\":1,\"name\":\"Startseite\",\"item\":\"https:\\\/\\\/h2org.de\\\/en\\\/\"},{\"@type\":\"ListItem\",\"position\":2,\"name\":\"Lectures\"}]},{\"@type\":\"WebSite\",\"@id\":\"https:\\\/\\\/h2org.de\\\/#website\",\"url\":\"https:\\\/\\\/h2org.de\\\/\",\"name\":\"H2ORG\",\"description\":\"F\u00fcr eine plastikfreie Natur und lebendige Gew\u00e4sser.\",\"potentialAction\":[{\"@type\":\"SearchAction\",\"target\":{\"@type\":\"EntryPoint\",\"urlTemplate\":\"https:\\\/\\\/h2org.de\\\/?s={search_term_string}\"},\"query-input\":{\"@type\":\"PropertyValueSpecification\",\"valueRequired\":true,\"valueName\":\"search_term_string\"}}],\"inLanguage\":\"en-US\"}]}<\/script>\n<!-- \/ Yoast SEO plugin. -->","yoast_head_json":{"title":"Lectures - H2ORG","robots":{"index":"index","follow":"follow","max-snippet":"max-snippet:-1","max-image-preview":"max-image-preview:large","max-video-preview":"max-video-preview:-1"},"canonical":"https:\/\/h2org.de\/en\/vortraege\/","og_locale":"en_US","og_type":"article","og_title":"Lectures - H2ORG","og_description":"Diverse formats and target groups Whether lecture, keynote, discussion or film screening &#8211; scientific, sciencetainment or health-related &#8211; the diverse selection of topics fits many formats. The individual topics can also be combined in consultation and implemented online or in presence as well as in German, English and Spanish. We can also offer symposia and [&hellip;]","og_url":"https:\/\/h2org.de\/en\/vortraege\/","og_site_name":"H2ORG","article_modified_time":"2023-04-13T15:11:17+00:00","og_image":[{"url":"https:\/\/h2org.de\/wp-content\/uploads\/2023\/03\/Andreas-Fath-1024x537.jpg","type":"","width":"","height":""}],"twitter_card":"summary_large_image","schema":{"@context":"https:\/\/schema.org","@graph":[{"@type":"WebPage","@id":"https:\/\/h2org.de\/en\/vortraege\/","url":"https:\/\/h2org.de\/en\/vortraege\/","name":"Lectures - H2ORG","isPartOf":{"@id":"https:\/\/h2org.de\/#website"},"primaryImageOfPage":{"@id":"https:\/\/h2org.de\/en\/vortraege\/#primaryimage"},"image":{"@id":"https:\/\/h2org.de\/en\/vortraege\/#primaryimage"},"thumbnailUrl":"https:\/\/h2org.de\/wp-content\/uploads\/2023\/03\/Andreas-Fath-1024x537.jpg","datePublished":"2023-02-21T05:21:08+00:00","dateModified":"2023-04-13T15:11:17+00:00","breadcrumb":{"@id":"https:\/\/h2org.de\/en\/vortraege\/#breadcrumb"},"inLanguage":"en-US","potentialAction":[{"@type":"ReadAction","target":["https:\/\/h2org.de\/en\/vortraege\/"]}]},{"@type":"ImageObject","inLanguage":"en-US","@id":"https:\/\/h2org.de\/en\/vortraege\/#primaryimage","url":"https:\/\/h2org.de\/wp-content\/uploads\/2023\/03\/Andreas-Fath-1024x537.jpg","contentUrl":"https:\/\/h2org.de\/wp-content\/uploads\/2023\/03\/Andreas-Fath-1024x537.jpg"},{"@type":"BreadcrumbList","@id":"https:\/\/h2org.de\/en\/vortraege\/#breadcrumb","itemListElement":[{"@type":"ListItem","position":1,"name":"Startseite","item":"https:\/\/h2org.de\/en\/"},{"@type":"ListItem","position":2,"name":"Lectures"}]},{"@type":"WebSite","@id":"https:\/\/h2org.de\/#website","url":"https:\/\/h2org.de\/","name":"H2ORG","description":"F\u00fcr eine plastikfreie Natur und lebendige Gew\u00e4sser.","potentialAction":[{"@type":"SearchAction","target":{"@type":"EntryPoint","urlTemplate":"https:\/\/h2org.de\/?s={search_term_string}"},"query-input":{"@type":"PropertyValueSpecification","valueRequired":true,"valueName":"search_term_string"}}],"inLanguage":"en-US"}]}},"_links":{"self":[{"href":"https:\/\/h2org.de\/en\/wp-json\/wp\/v2\/pages\/1217","targetHints":{"allow":["GET"]}}],"collection":[{"href":"https:\/\/h2org.de\/en\/wp-json\/wp\/v2\/pages"}],"about":[{"href":"https:\/\/h2org.de\/en\/wp-json\/wp\/v2\/types\/page"}],"author":[{"embeddable":true,"href":"https:\/\/h2org.de\/en\/wp-json\/wp\/v2\/users\/2"}],"replies":[{"embeddable":true,"href":"https:\/\/h2org.de\/en\/wp-json\/wp\/v2\/comments?post=1217"}],"version-history":[{"count":0,"href":"https:\/\/h2org.de\/en\/wp-json\/wp\/v2\/pages\/1217\/revisions"}],"wp:attachment":[{"href":"https:\/\/h2org.de\/en\/wp-json\/wp\/v2\/media?parent=1217"}],"curies":[{"name":"wp","href":"https:\/\/api.w.org\/{rel}","templated":true}]}}