{"id":1221,"date":"2023-01-20T08:27:43","date_gmt":"2023-01-20T07:27:43","guid":{"rendered":"https:\/\/h2org.de\/ueber-uns\/"},"modified":"2025-12-22T17:03:07","modified_gmt":"2025-12-22T16:03:07","slug":"about-us","status":"publish","type":"page","link":"https:\/\/h2org.de\/en\/about-us\/","title":{"rendered":"About Us"},"content":{"rendered":"\n<div class=\"wp-block-cover alignfull\"><video class=\"wp-block-cover__video-background intrinsic-ignore\" autoplay muted loop playsinline src=\"https:\/\/h2org.de\/wp-content\/uploads\/2023\/01\/pexels-rostislav-uzunov-7385122-2.mp4\" data-object-fit=\"cover\"><\/video><span aria-hidden=\"true\" class=\"wp-block-cover__background has-blue-medium-background-color has-background-dim\"><\/span><div class=\"wp-block-cover__inner-container is-layout-flow wp-block-cover-is-layout-flow\">\n<div style=\"height:60px\" aria-hidden=\"true\" class=\"wp-block-spacer alignnormal\"><\/div>\n\n\n\n<p class=\"alignleft has-text-align-left dynamic-break has-beige-light-color has-text-color has-x-large-font-size\">We are committed to ending the plastic flood and creating a <mark style=\"background-color:rgba(0, 0, 0, 0)\" class=\"has-inline-color has-highlight-light-color\">plastic\u2011free nature.<\/mark><\/p>\n<\/div><\/div>\n\n\n\n<div class=\"wp-block-h2org-wavegroup has-some-white-background-color has-background\"><svg width=\"100%\" height=\"100%\" version=\"1.1\" xmlns=\"http:\/\/www.w3.org\/2000\/svg\" viewBox=\"1 0 799 160\" style=\"min-width:600px; margin-bottom: -10px\"><defs><\/defs><path class=\"wavepath\" d=\"\" fill=\"url(#img1)\"><\/path><\/svg><div>\n<div class=\"wp-block-columns alignwide is-layout-flex wp-container-core-columns-is-layout-28f84493 wp-block-columns-is-layout-flex\">\n<div class=\"wp-block-column is-layout-flow wp-block-column-is-layout-flow\" style=\"flex-basis:100%\">\n<p class=\"alignwide has-text-align-wide\">We are H2Org \u2013 \u201cfor a plastic\u2011free nature e.V.,\u201d a coalition of individuals passionately dedicated to preserving intact natural habitats, free of plastic. We advocate for environmental protection, preserving natural waterways, and providing access to clean water.<\/p>\n\n\n\n<div style=\"height:20px\" aria-hidden=\"true\" class=\"wp-block-spacer alignnormal\"><\/div>\n\n\n\n<p class=\"alignwide has-text-align-wide\">Our mission is to halt pollution of the environment and stop the spread of microplastics in rivers and oceans, protecting freshwater and marine ecosystems and ensuring clean water access for all.<\/p>\n\n\n\n<div style=\"height:20px\" aria-hidden=\"true\" class=\"wp-block-spacer alignnormal\"><\/div>\n\n\n\n<p class=\"alignwide has-text-align-wide\">Our vision is a plastic\u2011free nature, where intact, clean waters can sustainably fulfill their ecological and societal roles.<\/p>\n\n\n\n<div style=\"height:24px\" aria-hidden=\"true\" class=\"wp-block-spacer alignnormal\"><\/div>\n\n\n\n<div style=\"height:74px\" aria-hidden=\"true\" class=\"wp-block-spacer alignnormal hide-on-mobile\"><\/div>\n<\/div>\n<\/div>\n\n\n\n<div class=\"wp-block-columns alignwide is-layout-flex wp-container-core-columns-is-layout-28f84493 wp-block-columns-is-layout-flex\">\n<div class=\"wp-block-column is-layout-flow wp-block-column-is-layout-flow\">\n<hr class=\"wp-block-separator alignwide has-alpha-channel-opacity\"\/>\n\n\n\n<div style=\"height:24px\" aria-hidden=\"true\" class=\"wp-block-spacer alignnormal\"><\/div>\n\n\n\n<div style=\"height:40px\" aria-hidden=\"true\" class=\"wp-block-spacer alignnormal hide-on-mobile\"><\/div>\n<\/div>\n\n\n\n<div class=\"wp-block-column is-layout-flow wp-block-column-is-layout-flow\"><\/div>\n<\/div>\n\n\n\n<div class=\"wp-block-columns alignwide is-layout-flex wp-container-core-columns-is-layout-28f84493 wp-block-columns-is-layout-flex\">\n<div class=\"wp-block-column is-layout-flow wp-block-column-is-layout-flow\">\n<h5 class=\"wp-block-heading alignnormal\">Education as the Key<\/h5>\n<\/div>\n\n\n\n<div class=\"wp-block-column is-layout-flow wp-block-column-is-layout-flow\">\n<p class=\"undefined alignnormal\">Without education, no behavioral change is possible. Our interactive educational programs reach people in unconventional ways and show how anyone can act against plastic pollution\u2014to protect both nature and our future.<\/p>\n\n\n\n<div style=\"height:20px\" aria-hidden=\"true\" class=\"wp-block-spacer alignnormal\"><\/div>\n\n\n\n<p class=\"undefined alignnormal\">These programs raise awareness about the formation and dangers of microplastic, promoting sustainable behavior change and supporting positive policy influence.<\/p>\n<\/div>\n<\/div>\n\n\n\n<div class=\"wp-block-columns alignwide is-layout-flex wp-container-core-columns-is-layout-28f84493 wp-block-columns-is-layout-flex\">\n<div class=\"wp-block-column is-layout-flow wp-block-column-is-layout-flow\">\n<div style=\"height:24px\" aria-hidden=\"true\" class=\"wp-block-spacer alignnormal\"><\/div>\n\n\n\n<div style=\"height:74px\" aria-hidden=\"true\" class=\"wp-block-spacer alignnormal hide-on-mobile\"><\/div>\n\n\n\n<hr class=\"wp-block-separator alignwide has-alpha-channel-opacity\"\/>\n\n\n\n<div style=\"height:24px\" aria-hidden=\"true\" class=\"wp-block-spacer alignnormal\"><\/div>\n\n\n\n<div style=\"height:40px\" aria-hidden=\"true\" class=\"wp-block-spacer alignnormal hide-on-mobile\"><\/div>\n<\/div>\n\n\n\n<div class=\"wp-block-column is-layout-flow wp-block-column-is-layout-flow\"><\/div>\n<\/div>\n\n\n\n<div class=\"wp-block-columns alignwide reverse-mobile-colmn is-layout-flex wp-container-core-columns-is-layout-28f84493 wp-block-columns-is-layout-flex\">\n<div class=\"wp-block-column is-layout-flow wp-block-column-is-layout-flow\">\n<p class=\"undefined alignnormal\">Our nature is suffering under the growing plastic flood. Large-scale cleanup events remove plastic from rivers before it becomes microplastic via natural abrasion processes and eventually reaches the oceans.<\/p>\n\n\n\n<div style=\"height:20px\" aria-hidden=\"true\" class=\"wp-block-spacer alignnormal\"><\/div>\n\n\n\n<p class=\"undefined alignnormal\">Once plastics degrade into microplastics, they are effectively gone forever. We support preventive measures and innovative approaches\u2014such as using recycled microplastics to help filter polluted water\u2014and support students researching sustainable solutions.<\/p>\n<\/div>\n\n\n\n<div class=\"wp-block-column is-layout-flow wp-block-column-is-layout-flow\">\n<h5 class=\"wp-block-heading has-text-align-right alignnormal hide-on-mobile\">There is no good unless you act.<\/h5>\n\n\n\n<h5 class=\"wp-block-heading has-text-align-left alignnormal hide-on-desktop\">There is no good unless you act.<\/h5>\n<\/div>\n<\/div>\n<\/div><\/div>\n\n\n\n<div class=\"wp-block-h2org-wavegroup has-blue-medium-background-color has-background\"><svg width=\"100%\" height=\"100%\" version=\"1.1\" xmlns=\"http:\/\/www.w3.org\/2000\/svg\" viewBox=\"1 0 799 160\" style=\"min-width:600px; margin-bottom: -10px\"><defs><\/defs><path class=\"wavepath\" d=\"\" fill=\"url(#img1)\"><\/path><\/svg><div>\n<div class=\"wp-block-columns alignwide is-layout-flex wp-container-core-columns-is-layout-28f84493 wp-block-columns-is-layout-flex\">\n<div class=\"wp-block-column is-layout-flow wp-block-column-is-layout-flow\">\n<h2 class=\"wp-block-heading has-text-align-center alignnormal\">Support us now.<\/h2>\n\n\n\n<div style=\"height:20px\" aria-hidden=\"true\" class=\"wp-block-spacer alignnormal\"><\/div>\n\n\n\n<p class=\"has-text-align-center has-some-white-color has-text-color has-link-color wp-elements-17e3dfcdfbaa5fa68ef747bdd4d8fc45\">We continuously implement conservation projects, campaigns, actions, and education programs funded through donations, grants, income from our educational services, and membership fees.<\/p>\n\n\n\n<p class=\"has-text-align-center has-some-white-color has-text-color has-link-color wp-elements-a3278615563ccbe837c67b8f38557994\">Donations are eligible for tax deduction, and we provide formal donation receipts upon request.<\/p>\n\n\n\n<div class=\"wp-block-buttons alignnormal is-layout-flex wp-block-buttons-is-layout-flex\">\n<div class=\"wp-block-button alignnormal\"><a class=\"wp-block-button__link has-some-white-background-color has-background wp-element-button\" href=\"#spenden\">Donate now<\/a><\/div>\n<\/div>\n<\/div>\n<\/div>\n<\/div><\/div>\n\n\n\n<div class=\"wp-block-h2org-wavegroup has-some-white-background-color has-background\"><svg width=\"100%\" height=\"100%\" version=\"1.1\" xmlns=\"http:\/\/www.w3.org\/2000\/svg\" viewBox=\"1 0 799 160\" style=\"min-width:600px; margin-bottom: -10px\"><defs><\/defs><path class=\"wavepath\" d=\"\" fill=\"url(#img1)\"><\/path><\/svg><div><div class=\"alignwide\"><div\n\t\t\t\n\t\t\tclass=\"so-widget-the-headline-widget so-widget-the-headline-widget-base\"\n\t\t\t\n\t\t><h1 \n\tdata-scroll \n\tdata-scroll-direction=\"horizontal\" \n\tdata-scroll-speed=\"2.5\"\n\tdata-scroll-delay=\"0.02\"\t\t\t\n\tclass=\"headline reveal\"\n\t\n>\n<span class=\"headline-wrapper\">\n<span class=\"headline-first\">Our Team<\/span><span class=\"headline-more\">Our Team<\/span><span class=\"headline-more\">Our Team<\/span><span class=\"headline-more\">Our Team<\/span><span class=\"headline-more\">Our Team<\/span><span class=\"headline-more\">Our Team<\/span><span class=\"headline-more\">Our Team<\/span><span class=\"headline-more\">Our Team<\/span><span class=\"headline-more\">Our Team<\/span><span class=\"headline-more\">Our Team<\/span><\/span>\n<\/h1>\n\t\n\t\n<\/div><\/div>\n\n<div class=\"alignfull\"><div\n\t\t\t\n\t\t\tclass=\"so-widget-the-persons-widget so-widget-the-persons-widget-base\"\n\t\t\t\n\t\t><div class=\"persons-slider\">\n\t<div class=\"persons-slider-nav\">\n\t\t<div class=\"swiper-button-prev\"><\/div>\n\t\t<div class=\"swiper-button-next\"><\/div>\n\t<\/div>\n\t<div class=\"persons-text-slider-wrapper\">\n\t\t<div class=\"swiper persons-text-slider\">\n\t\t\t<div class=\"swiper-wrapper\">\n\t\t\t\t\t\t\t\t<div class=\"swiper-slide\">\n\t\t\t\t\t<div>\n\t\t\t\t\t<h4 class=\"persons-swiper-slide-title\">\n\t\t\t\t\t\tMario K\u00fcmmel\t\t\t\t\t<\/h4>\n\t\t\t\t\t<h5 class=\"persons-swiper-slide-subtitle\">\n\t\t\t\t\t\tChairperson &amp; Project Lead\t\t\t\t\t<\/h5>\n\t\t\t\t\t<div class=\"persons-swiper-slide-text\">\n\t\t\t\t\t\tMario has over 13 years of experience in nonprofit organizations, specializing in nonprofit management, project planning, fundraising, and marketing.\t\t\t\t\t<\/div>\n\t\t\t\t\t<\/div>\n\t\t\t\t<\/div>\n\t\t\t\t\t\t\t\t<div class=\"swiper-slide\">\n\t\t\t\t\t<div>\n\t\t\t\t\t<h4 class=\"persons-swiper-slide-title\">\n\t\t\t\t\t\tProf. Dr. Andreas Fath\t\t\t\t\t<\/h4>\n\t\t\t\t\t<h5 class=\"persons-swiper-slide-subtitle\">\n\t\t\t\t\t\tAmbassador, Chemistry Professor &amp; Extreme Swimmer\t\t\t\t\t<\/h5>\n\t\t\t\t\t<div class=\"persons-swiper-slide-text\">\n\t\t\t\t\t\tAlso known as \u201cthe swimming professor,\u201d Andreas is a chemistry professor at HFU, activist, speaker, and author. He has swum major rivers including the Rhine, Elbe, Tennessee, and Danube to raise awareness about water protection.\t\t\t\t\t<\/div>\n\t\t\t\t\t<\/div>\n\t\t\t\t<\/div>\n\t\t\t\t\t\t\t\t<div class=\"swiper-slide\">\n\t\t\t\t\t<div>\n\t\t\t\t\t<h4 class=\"persons-swiper-slide-title\">\n\t\t\t\t\t\tBenjamin Heberling\t\t\t\t\t<\/h4>\n\t\t\t\t\t<h5 class=\"persons-swiper-slide-subtitle\">\n\t\t\t\t\t\tDeputy Director &amp; Managing Director\t\t\t\t\t<\/h5>\n\t\t\t\t\t<div class=\"persons-swiper-slide-text\">\n\t\t\t\t\t\tA trained economic geographer, Benjamin implements education programs and swimming events to promote clean waterways.\t\t\t\t\t<\/div>\n\t\t\t\t\t<\/div>\n\t\t\t\t<\/div>\n\t\t\t\t\t\t\t\t<div class=\"swiper-slide\">\n\t\t\t\t\t<div>\n\t\t\t\t\t<h4 class=\"persons-swiper-slide-title\">\n\t\t\t\t\t\tLeo Fath\t\t\t\t\t<\/h4>\n\t\t\t\t\t<h5 class=\"persons-swiper-slide-subtitle\">\n\t\t\t\t\t\tScience Communications\t\t\t\t\t<\/h5>\n\t\t\t\t\t<div class=\"persons-swiper-slide-text\">\n\t\t\t\t\t\tLeo is a biologist with a passion for molecular biology, climate protection, nutrition, and sports. He studied in Canada as part of a \u201cClimate Action Lab.\u201d\t\t\t\t\t<\/div>\n\t\t\t\t\t<\/div>\n\t\t\t\t<\/div>\n\t\t\t\t\t\t\t<\/div>\n\t\t<\/div>\n\t<\/div>\n\t<div class=\"persons-img-slider-wrapper\">\n\t\t<div class=\"swiper persons-img-slider\">\n\t\t\t<div class=\"swiper-wrapper\">\n\t\t\t\t\t\t\t\t<div class=\"swiper-slide\">\n\t\t\t\t\t<div class=\"fixy-image\" style=\"background-image: url(https:\/\/h2org.de\/wp-content\/uploads\/2023\/03\/mario-scaled.jpg)\"><\/div>\t\t\t\t<\/div>\n\t\t\t\t\t\t\t\t<div class=\"swiper-slide\">\n\t\t\t\t\t<div class=\"fixy-image\" style=\"background-image: url(https:\/\/h2org.de\/wp-content\/uploads\/2023\/04\/Prof-Anderas-Fath.jpg)\"><\/div>\t\t\t\t<\/div>\n\t\t\t\t\t\t\t\t<div class=\"swiper-slide\">\n\t\t\t\t\t<div class=\"fixy-image\" style=\"background-image: url(https:\/\/h2org.de\/wp-content\/uploads\/2025\/07\/Bildschirmfoto-2025-07-21-um-13.12.22.jpg)\"><\/div>\t\t\t\t<\/div>\n\t\t\t\t\t\t\t\t<div class=\"swiper-slide\">\n\t\t\t\t\t<div class=\"fixy-image\" style=\"background-image: url(https:\/\/h2org.de\/wp-content\/uploads\/2025\/03\/leo_fath.jpg)\"><\/div>\t\t\t\t<\/div>\n\t\t\t\t\t\t\t<\/div>\n\t\t<\/div> \n\t\t<div class=\"swiper-gradient\"><\/div>\n\t<\/div>\n\t\n<\/div>\n <script>\n \nvar swiper = null; \nvar swiper2 = null;\nconst initSwiper = () => {\n\t swiper = new Swiper(\".persons-text-slider\", {\n\t\t direction: \"vertical\",\n\t\t navigation: {\n\t\t   nextEl: '.swiper-button-next',\n\t\t   prevEl: '.swiper-button-prev',\n\t\t },\n\t }); \n\t\t   \n\t swiper2 = new Swiper(\".persons-img-slider\", {\n\t\t effect: \"coverflow\",\n\t\t coverflowEffect: {\n\t\t\t rotate: 0,\n\t\t\t stretch: -80,\n\t\t\t depth: 100,\n\t\t\t modifier: 1,\n\t\t\t slideShadows: false,\n\t\t },\n\t\t grabCursor: true,\n\t });\n \n\tswiper.controller.control = swiper2;\n\tswiper2.controller.control = swiper;\n };\n \nlet resizeTimeout;\n\n\n\t window.addEventListener('resize', function () {\n\t \tclearTimeout(resizeTimeout);\n\t \tresizeTimeout = setTimeout(function () {\n\t\t\t initSwiper();\n\t \t}, 1000);\n\t });\n\n\t\nwindow.addEventListener('DOMContentLoaded', initSwiper());\t\n  <\/script>\n  <\/div><\/div><\/div><\/div>\n","protected":false},"excerpt":{"rendered":"","protected":false},"author":2,"featured_media":0,"parent":0,"menu_order":0,"comment_status":"closed","ping_status":"closed","template":"videoheader-dark-page.php","meta":{"footnotes":""},"class_list":["post-1221","page","type-page","status-publish","hentry"],"yoast_head":"<!-- This site is optimized with the Yoast SEO plugin v27.4 - https:\/\/yoast.com\/product\/yoast-seo-wordpress\/ -->\n<title>About Us - H2ORG<\/title>\n<meta name=\"description\" content=\"Unsere Mission ist es, die Verm\u00fcllung unserer Natur aufzuhalten und die Verbreitung von Mikroplastik in unseren Fl\u00fcssen und Ozeanen zu beenden. Wir engagieren uns f\u00fcr den Schutz der Lebensr\u00e4ume vieler Meeres- und S\u00fc\u00dfwasserbewohner und den Zugang zu sauberen Gew\u00e4ssern.\" \/>\n<meta name=\"robots\" content=\"index, follow, max-snippet:-1, max-image-preview:large, max-video-preview:-1\" \/>\n<link rel=\"canonical\" href=\"https:\/\/h2org.de\/en\/about-us\/\" \/>\n<meta property=\"og:locale\" content=\"en_US\" \/>\n<meta property=\"og:type\" content=\"article\" \/>\n<meta property=\"og:title\" content=\"About Us - H2ORG\" \/>\n<meta property=\"og:description\" content=\"Unsere Mission ist es, die Verm\u00fcllung unserer Natur aufzuhalten und die Verbreitung von Mikroplastik in unseren Fl\u00fcssen und Ozeanen zu beenden. Wir engagieren uns f\u00fcr den Schutz der Lebensr\u00e4ume vieler Meeres- und S\u00fc\u00dfwasserbewohner und den Zugang zu sauberen Gew\u00e4ssern.\" \/>\n<meta property=\"og:url\" content=\"https:\/\/h2org.de\/en\/about-us\/\" \/>\n<meta property=\"og:site_name\" content=\"H2ORG\" \/>\n<meta property=\"article:modified_time\" content=\"2025-12-22T16:03:07+00:00\" \/>\n<meta name=\"twitter:card\" content=\"summary_large_image\" \/>\n<meta name=\"twitter:label1\" content=\"Est. reading time\" \/>\n\t<meta name=\"twitter:data1\" content=\"2 minutes\" \/>\n<script type=\"application\/ld+json\" class=\"yoast-schema-graph\">{\"@context\":\"https:\\\/\\\/schema.org\",\"@graph\":[{\"@type\":\"WebPage\",\"@id\":\"https:\\\/\\\/h2org.de\\\/en\\\/about-us\\\/\",\"url\":\"https:\\\/\\\/h2org.de\\\/en\\\/about-us\\\/\",\"name\":\"About Us - H2ORG\",\"isPartOf\":{\"@id\":\"https:\\\/\\\/h2org.de\\\/#website\"},\"datePublished\":\"2023-01-20T07:27:43+00:00\",\"dateModified\":\"2025-12-22T16:03:07+00:00\",\"description\":\"Unsere Mission ist es, die Verm\u00fcllung unserer Natur aufzuhalten und die Verbreitung von Mikroplastik in unseren Fl\u00fcssen und Ozeanen zu beenden. Wir engagieren uns f\u00fcr den Schutz der Lebensr\u00e4ume vieler Meeres- und S\u00fc\u00dfwasserbewohner und den Zugang zu sauberen Gew\u00e4ssern.\",\"breadcrumb\":{\"@id\":\"https:\\\/\\\/h2org.de\\\/en\\\/about-us\\\/#breadcrumb\"},\"inLanguage\":\"en-US\",\"potentialAction\":[{\"@type\":\"ReadAction\",\"target\":[\"https:\\\/\\\/h2org.de\\\/en\\\/about-us\\\/\"]}]},{\"@type\":\"BreadcrumbList\",\"@id\":\"https:\\\/\\\/h2org.de\\\/en\\\/about-us\\\/#breadcrumb\",\"itemListElement\":[{\"@type\":\"ListItem\",\"position\":1,\"name\":\"Startseite\",\"item\":\"https:\\\/\\\/h2org.de\\\/en\\\/\"},{\"@type\":\"ListItem\",\"position\":2,\"name\":\"About Us\"}]},{\"@type\":\"WebSite\",\"@id\":\"https:\\\/\\\/h2org.de\\\/#website\",\"url\":\"https:\\\/\\\/h2org.de\\\/\",\"name\":\"H2ORG\",\"description\":\"F\u00fcr eine plastikfreie Natur und lebendige Gew\u00e4sser.\",\"potentialAction\":[{\"@type\":\"SearchAction\",\"target\":{\"@type\":\"EntryPoint\",\"urlTemplate\":\"https:\\\/\\\/h2org.de\\\/?s={search_term_string}\"},\"query-input\":{\"@type\":\"PropertyValueSpecification\",\"valueRequired\":true,\"valueName\":\"search_term_string\"}}],\"inLanguage\":\"en-US\"}]}<\/script>\n<!-- \/ Yoast SEO plugin. -->","yoast_head_json":{"title":"About Us - H2ORG","description":"Unsere Mission ist es, die Verm\u00fcllung unserer Natur aufzuhalten und die Verbreitung von Mikroplastik in unseren Fl\u00fcssen und Ozeanen zu beenden. Wir engagieren uns f\u00fcr den Schutz der Lebensr\u00e4ume vieler Meeres- und S\u00fc\u00dfwasserbewohner und den Zugang zu sauberen Gew\u00e4ssern.","robots":{"index":"index","follow":"follow","max-snippet":"max-snippet:-1","max-image-preview":"max-image-preview:large","max-video-preview":"max-video-preview:-1"},"canonical":"https:\/\/h2org.de\/en\/about-us\/","og_locale":"en_US","og_type":"article","og_title":"About Us - H2ORG","og_description":"Unsere Mission ist es, die Verm\u00fcllung unserer Natur aufzuhalten und die Verbreitung von Mikroplastik in unseren Fl\u00fcssen und Ozeanen zu beenden. Wir engagieren uns f\u00fcr den Schutz der Lebensr\u00e4ume vieler Meeres- und S\u00fc\u00dfwasserbewohner und den Zugang zu sauberen Gew\u00e4ssern.","og_url":"https:\/\/h2org.de\/en\/about-us\/","og_site_name":"H2ORG","article_modified_time":"2025-12-22T16:03:07+00:00","twitter_card":"summary_large_image","twitter_misc":{"Est. reading time":"2 minutes"},"schema":{"@context":"https:\/\/schema.org","@graph":[{"@type":"WebPage","@id":"https:\/\/h2org.de\/en\/about-us\/","url":"https:\/\/h2org.de\/en\/about-us\/","name":"About Us - H2ORG","isPartOf":{"@id":"https:\/\/h2org.de\/#website"},"datePublished":"2023-01-20T07:27:43+00:00","dateModified":"2025-12-22T16:03:07+00:00","description":"Unsere Mission ist es, die Verm\u00fcllung unserer Natur aufzuhalten und die Verbreitung von Mikroplastik in unseren Fl\u00fcssen und Ozeanen zu beenden. Wir engagieren uns f\u00fcr den Schutz der Lebensr\u00e4ume vieler Meeres- und S\u00fc\u00dfwasserbewohner und den Zugang zu sauberen Gew\u00e4ssern.","breadcrumb":{"@id":"https:\/\/h2org.de\/en\/about-us\/#breadcrumb"},"inLanguage":"en-US","potentialAction":[{"@type":"ReadAction","target":["https:\/\/h2org.de\/en\/about-us\/"]}]},{"@type":"BreadcrumbList","@id":"https:\/\/h2org.de\/en\/about-us\/#breadcrumb","itemListElement":[{"@type":"ListItem","position":1,"name":"Startseite","item":"https:\/\/h2org.de\/en\/"},{"@type":"ListItem","position":2,"name":"About Us"}]},{"@type":"WebSite","@id":"https:\/\/h2org.de\/#website","url":"https:\/\/h2org.de\/","name":"H2ORG","description":"F\u00fcr eine plastikfreie Natur und lebendige Gew\u00e4sser.","potentialAction":[{"@type":"SearchAction","target":{"@type":"EntryPoint","urlTemplate":"https:\/\/h2org.de\/?s={search_term_string}"},"query-input":{"@type":"PropertyValueSpecification","valueRequired":true,"valueName":"search_term_string"}}],"inLanguage":"en-US"}]}},"_links":{"self":[{"href":"https:\/\/h2org.de\/en\/wp-json\/wp\/v2\/pages\/1221","targetHints":{"allow":["GET"]}}],"collection":[{"href":"https:\/\/h2org.de\/en\/wp-json\/wp\/v2\/pages"}],"about":[{"href":"https:\/\/h2org.de\/en\/wp-json\/wp\/v2\/types\/page"}],"author":[{"embeddable":true,"href":"https:\/\/h2org.de\/en\/wp-json\/wp\/v2\/users\/2"}],"replies":[{"embeddable":true,"href":"https:\/\/h2org.de\/en\/wp-json\/wp\/v2\/comments?post=1221"}],"version-history":[{"count":1,"href":"https:\/\/h2org.de\/en\/wp-json\/wp\/v2\/pages\/1221\/revisions"}],"predecessor-version":[{"id":3080,"href":"https:\/\/h2org.de\/en\/wp-json\/wp\/v2\/pages\/1221\/revisions\/3080"}],"wp:attachment":[{"href":"https:\/\/h2org.de\/en\/wp-json\/wp\/v2\/media?parent=1221"}],"curies":[{"name":"wp","href":"https:\/\/api.w.org\/{rel}","templated":true}]}}